{"id":1246,"date":"2020-09-01T06:32:37","date_gmt":"2020-09-01T09:32:37","guid":{"rendered":"https:\/\/ifdvirasoro-crr.infd.edu.ar\/sitio\/?page_id=1246"},"modified":"2023-07-08T11:14:54","modified_gmt":"2023-07-08T14:14:54","slug":"sima-educativa","status":"publish","type":"page","link":"https:\/\/ifdvirasoro-crr.infd.edu.ar\/sitio\/sima-educativa\/","title":{"rendered":"SIMA Educativa"},"content":{"rendered":"\n<div class=\"wp-block-columns is-layout-flex wp-container-3\">\n<div class=\"wp-block-column is-layout-flow\" style=\"flex-basis:50%\">\n<h4><img decoding=\"async\" loading=\"lazy\" class=\"alignnone  wp-image-1247\" src=\"https:\/\/ifdvirasoro-crr.infd.edu.ar\/sitio\/wp-content\/uploads\/2020\/09\/SIMAe.jpg\" alt=\"\" width=\"483\" height=\"190\" \/><\/h4>\n<h5><a href=\"https:\/\/simaeducativa.mec.gob.ar\/modulo\/docente\/?virasoro\">Ingreso a m\u00f3dulo docentes<\/a><\/h5>\n<h5><a href=\"http:\/\/simaeducativa.mec.gob.ar\/modulo\/alumno\/?virasoro\">Ingreso a m\u00f3dulo alumno<\/a><\/h5>\n<\/div>\n\n\n\n<div class=\"wp-block-column is-layout-flow\" style=\"flex-basis:50%\">\n<p><a href=\"https:\/\/www.youtube.com\/watch?v=X0PsEG8cHQE\">Tutorial para Inscribirse en mesas de ex\u00e1menes<\/a>.<\/p>\n\n\n\n<figure class=\"wp-block-embed is-type-rich is-provider-gestor-del-servicio wp-block-embed-gestor-del-servicio wp-embed-aspect-16-9 wp-has-aspect-ratio\"><div class=\"wp-block-embed__wrapper\">\n<iframe loading=\"lazy\" title=\"INSCRIPCI\u00d3N A EX\u00c1MENES FINALES\" width=\"1200\" height=\"675\" src=\"https:\/\/www.youtube.com\/embed\/X0PsEG8cHQE?feature=oembed\" frameborder=\"0\" allow=\"accelerometer; autoplay; clipboard-write; encrypted-media; gyroscope; picture-in-picture; web-share\" allowfullscreen><\/iframe>\n<\/div><\/figure>\n\n\n\n<p><\/p>\n<\/div>\n<\/div>\n","protected":false},"excerpt":{"rendered":"<p>Ingreso a m\u00f3dulo docentes Ingreso a m\u00f3dulo alumno Tutorial para Inscribirse en mesas de ex\u00e1menes.<\/p>\n","protected":false},"author":678,"featured_media":0,"parent":0,"menu_order":0,"comment_status":"closed","ping_status":"closed","template":"","meta":[],"acf":[],"_links":{"self":[{"href":"https:\/\/ifdvirasoro-crr.infd.edu.ar\/sitio\/wp-json\/wp\/v2\/pages\/1246"}],"collection":[{"href":"https:\/\/ifdvirasoro-crr.infd.edu.ar\/sitio\/wp-json\/wp\/v2\/pages"}],"about":[{"href":"https:\/\/ifdvirasoro-crr.infd.edu.ar\/sitio\/wp-json\/wp\/v2\/types\/page"}],"author":[{"embeddable":true,"href":"https:\/\/ifdvirasoro-crr.infd.edu.ar\/sitio\/wp-json\/wp\/v2\/users\/678"}],"replies":[{"embeddable":true,"href":"https:\/\/ifdvirasoro-crr.infd.edu.ar\/sitio\/wp-json\/wp\/v2\/comments?post=1246"}],"version-history":[{"count":4,"href":"https:\/\/ifdvirasoro-crr.infd.edu.ar\/sitio\/wp-json\/wp\/v2\/pages\/1246\/revisions"}],"predecessor-version":[{"id":1734,"href":"https:\/\/ifdvirasoro-crr.infd.edu.ar\/sitio\/wp-json\/wp\/v2\/pages\/1246\/revisions\/1734"}],"wp:attachment":[{"href":"https:\/\/ifdvirasoro-crr.infd.edu.ar\/sitio\/wp-json\/wp\/v2\/media?parent=1246"}],"curies":[{"name":"wp","href":"https:\/\/api.w.org\/{rel}","templated":true}]}}