{"id":790,"date":"2018-07-02T19:39:15","date_gmt":"2018-07-02T22:39:15","guid":{"rendered":"https:\/\/ifdvirasoro-crr.infd.edu.ar\/sitio\/el-instituto\/"},"modified":"2026-01-08T09:44:33","modified_gmt":"2026-01-08T12:44:33","slug":"el-instituto","status":"publish","type":"page","link":"https:\/\/ifdvirasoro-crr.infd.edu.ar\/sitio\/el-instituto\/","title":{"rendered":"El Instituto"},"content":{"rendered":"<div dir=\"ltr\" style=\"text-align: center;\"><img decoding=\"async\" loading=\"lazy\" class=\"alignnone size-full wp-image-1377\" src=\"https:\/\/ifdvirasoro-crr.infd.edu.ar\/sitio\/wp-content\/uploads\/2022\/04\/logo.jpg\" alt=\"\" width=\"240\" height=\"240\" \/><\/div>\n<h5 dir=\"ltr\" style=\"text-align: center;\"><span style=\"color: #ff99cc;\"><strong><span style=\"font-size: 14pt; font-family: Georgia;\">Ofertas Acad\u00e9micas<\/span><\/strong> <\/span><\/h5>\n<p dir=\"ltr\" style=\"text-align: center;\"><span style=\"font-size: 12pt; color: #0066ff; font-family: Georgia;\"><span style=\"color: #ff0000;\"><span style=\"color: #0000ff;\"><span style=\"color: #000000;\">Te ofrecemos:<\/span><br \/>\nCarreras Docentes<br \/>\nCarreras de Formaci\u00f3n T\u00e9cnica<br \/>\nFormaci\u00f3n continua<\/span><\/span><\/span><\/p>\n<p dir=\"ltr\" style=\"text-align: center;\"><span style=\"font-family: verdana; font-size: 10pt; color: #ff99cc;\"><strong><span style=\"font-family: Georgia; font-size: 14pt;\">Datos Institucionales<\/span><\/strong> <\/span><\/p>\n<p><span style=\"font-family: Georgia; font-size: 12pt;\"><span style=\"color: #0000ff;\">Instituto Superior de Formaci\u00f3n Docente \u00abGobernador Virasoro\u00bb<br \/>\n<span style=\"color: #000000;\">Horario de atenci\u00f3n administrativa:<\/span> 18:30 a 22:00<br \/>\n<span style=\"color: #000000;\">Direcci\u00f3n:<\/span> Av. Transito Cocomarola y Lunita del Taragu\u00ed.\u00a0<\/span><\/span><span style=\"font-family: Georgia; color: #0066ff; font-size: 12pt;\"><span style=\"color: #0000ff;\">Barrio 325 IN.VI.CO.\u00a0 Gobernador Virasoro. Provincia de Corrientes.<br \/>\n<span style=\"color: #000000;\">Tel\u00e9fonos:<\/span> 03756 &#8211; 481496<br \/>\n<span style=\"color: #000000;\">E-mail de consultas:<\/span> <a href=\"mailto:1801218-00@mec.gob.ar\">1801218-00@superior.mec.gob.ar<\/a><\/span><\/span><\/p>\n<p dir=\"ltr\" style=\"text-align: center;\">\n","protected":false},"excerpt":{"rendered":"<p>Ofertas Acad\u00e9micas Te ofrecemos: Carreras Docentes Carreras de Formaci\u00f3n T\u00e9cnica Formaci\u00f3n continua Datos Institucionales Instituto Superior de Formaci\u00f3n Docente \u00abGobernador Virasoro\u00bb Horario de atenci\u00f3n administrativa: 18:30 a 22:00 Direcci\u00f3n: Av. Transito Cocomarola y Lunita del Taragu\u00ed.\u00a0Barrio 325 IN.VI.CO.\u00a0 Gobernador Virasoro. Provincia de Corrientes. Tel\u00e9fonos: 03756 &#8211; 481496 E-mail de consultas: 1801218-00@superior.mec.gob.ar<\/p>\n","protected":false},"author":561,"featured_media":0,"parent":0,"menu_order":0,"comment_status":"closed","ping_status":"closed","template":"","meta":[],"acf":[],"_links":{"self":[{"href":"https:\/\/ifdvirasoro-crr.infd.edu.ar\/sitio\/wp-json\/wp\/v2\/pages\/790"}],"collection":[{"href":"https:\/\/ifdvirasoro-crr.infd.edu.ar\/sitio\/wp-json\/wp\/v2\/pages"}],"about":[{"href":"https:\/\/ifdvirasoro-crr.infd.edu.ar\/sitio\/wp-json\/wp\/v2\/types\/page"}],"author":[{"embeddable":true,"href":"https:\/\/ifdvirasoro-crr.infd.edu.ar\/sitio\/wp-json\/wp\/v2\/users\/561"}],"replies":[{"embeddable":true,"href":"https:\/\/ifdvirasoro-crr.infd.edu.ar\/sitio\/wp-json\/wp\/v2\/comments?post=790"}],"version-history":[{"count":5,"href":"https:\/\/ifdvirasoro-crr.infd.edu.ar\/sitio\/wp-json\/wp\/v2\/pages\/790\/revisions"}],"predecessor-version":[{"id":2850,"href":"https:\/\/ifdvirasoro-crr.infd.edu.ar\/sitio\/wp-json\/wp\/v2\/pages\/790\/revisions\/2850"}],"wp:attachment":[{"href":"https:\/\/ifdvirasoro-crr.infd.edu.ar\/sitio\/wp-json\/wp\/v2\/media?parent=790"}],"curies":[{"name":"wp","href":"https:\/\/api.w.org\/{rel}","templated":true}]}}