{"id":829,"date":"2018-07-02T19:39:33","date_gmt":"2018-07-02T22:39:33","guid":{"rendered":"https:\/\/ifdvirasoro-crr.infd.edu.ar\/sitio\/plan-de-estudios\/"},"modified":"2023-04-21T11:36:54","modified_gmt":"2023-04-21T14:36:54","slug":"plan-de-estudios","status":"publish","type":"page","link":"https:\/\/ifdvirasoro-crr.infd.edu.ar\/sitio\/plan-de-estudios\/","title":{"rendered":"Plan de estudios"},"content":{"rendered":"\n<p><span style=\"font-size: 10pt; font-family: verdana,geneva;\">&nbsp;<\/span><\/p>\n\n\n\n<figure class=\"wp-block-table\"><table><tbody><tr><td> <p><span style=\"font-size: 10pt; font-family: arial;\"><strong>\u00a0<\/strong><span style=\"color: #3e748e;\"><span style=\"font-size: 12pt;\">Resoluci\u00f3n: 1487-14 &#8211; Duraci\u00f3n: 4 A\u00f1os<\/span><\/span><\/span><\/p> <\/td><\/tr><\/tbody><\/table><\/figure>\n\n\n\n<figure class=\"wp-block-table\"><table><tbody><tr><td class=\"has-text-align-left\" data-align=\"left\"><strong>Primer A\u00f1o<\/strong><\/td><td><strong>Anual<\/strong><\/td><td><span style=\"color: #000000; font-family: arial, helvetica, sans-serif; font-size: 10pt;\">\u00a0\u00a0<\/span><strong>Cuatr.<\/strong><\/td><\/tr><tr><td class=\"has-text-align-left\" data-align=\"left\">DID\u00c1CTICA GENERAL<\/td><td>\u00a04 hs.<\/td><td><span style=\"font-family: arial, helvetica, sans-serif; font-size: 10pt;\">\u00a0<\/span><\/td><\/tr><tr><td class=\"has-text-align-left\" data-align=\"left\">EL JUEGO EN LA EDUCACI\u00d3N INICIAL<\/td><td> 3 hs.<\/td><td><span style=\"color: #000000; font-family: arial, helvetica, sans-serif; font-size: 10pt;\">\u00a0<\/span><\/td><\/tr><tr><td class=\"has-text-align-left\" data-align=\"left\">LECTURA Y ESCRITURA ACAD\u00c9MICA<\/td><td>\u00a03 hs.<\/td><td><\/td><\/tr><tr><td class=\"has-text-align-left\" data-align=\"left\">LENGUAJE ART\u00cdSTICO: EXPRESI\u00d3N CORPORAL<\/td><td> 3 hs.<\/td><td><span style=\"color: #000000; font-family: arial, helvetica, sans-serif; font-size: 10pt;\">&nbsp;<\/span><\/td><\/tr><tr><td class=\"has-text-align-left\" data-align=\"left\">LENGUAJE ART\u00cdSTICO: PL\u00c1STICO VISUAL<\/td><td> 3 hs.<\/td><td><\/td><\/tr><tr><td class=\"has-text-align-left\" data-align=\"left\">PEDAGOG\u00cdA<\/td><td><\/td><td> 6 hs.<\/td><\/tr><tr><td class=\"has-text-align-left\" data-align=\"left\">PR\u00c1CTICA DOCENTE I: M\u00c9TODOS Y T\u00c9CNICASDE RECOLECCI\u00d3N \/ INSTITUCIONES EDUCATIVAS<\/td><td> 5 hs.<\/td><td><\/td><\/tr><tr><td class=\"has-text-align-left\" data-align=\"left\">PSICOLOG\u00cdA EDUCACIONAL<\/td><td><\/td><td> 6 hs.<\/td><\/tr><tr><td class=\"has-text-align-left\" data-align=\"left\">SUJETO DE LA EDUCACI\u00d3N INICIAL<\/td><td> 6hs.<\/td><td><\/td><\/tr><tr><td class=\"has-text-align-left\" data-align=\"left\"><strong>Segundo A\u00f1o<\/strong><\/td><td><strong>Anual<\/strong><\/td><td> <strong>Cuatr.<\/strong><\/td><\/tr><tr><td class=\"has-text-align-left\" data-align=\"left\">DIDACTICA DE LA EDUCACION INICIAL I<\/td><td><span style=\"font-family: arial, helvetica, sans-serif; font-size: 10pt;\">\u00a0<\/span>4 hs.<\/td><td><\/td><\/tr><tr><td class=\"has-text-align-left\" data-align=\"left\">FILOSOFIA<\/td><td><span style=\"font-family: arial, helvetica, sans-serif; font-size: 10pt;\">&nbsp;<\/span><\/td><td><span style=\"font-family: arial, helvetica, sans-serif; font-size: 10pt;\">4 hs.<\/span><\/td><\/tr><tr><td class=\"has-text-align-left\" data-align=\"left\"><span style=\"font-family: arial, helvetica, sans-serif; font-size: 10pt;\">HISTORIA ARGENTINA Y LATINOAMERICANA<\/span><\/td><td><span style=\"font-family: arial, helvetica, sans-serif; font-size: 10pt;\">&nbsp;<\/span><\/td><td><span style=\"font-family: arial, helvetica, sans-serif; font-size: 10pt;\">4 hs.<\/span><\/td><\/tr><tr><td class=\"has-text-align-left\" data-align=\"left\"><span style=\"font-family: arial, helvetica, sans-serif; font-size: 10pt;\">HISTORIA Y POLITICA DE LA EDUCACION ARGENTINA<\/span><\/td><td><span style=\"font-family: arial, helvetica, sans-serif; font-size: 10pt;\">\u00a0<\/span><\/td><td><span style=\"font-size: 10pt; color: #000000; font-family: arial, helvetica, sans-serif;\">\u00a0<\/span>4 hs.<\/td><\/tr><tr><td class=\"has-text-align-left\" data-align=\"left\"><span style=\"font-family: arial, helvetica, sans-serif; font-size: 10pt;\">LENGUAJE ARTISTICO: MUSICAL<\/span><\/td><td> <span style=\"font-family: arial, helvetica, sans-serif; font-size: 10pt;\">3 hs.<\/span><\/td><td><span style=\"font-size: 10pt; color: #000000; font-family: arial, helvetica, sans-serif;\">&nbsp;<\/span><\/td><\/tr><tr><td class=\"has-text-align-left\" data-align=\"left\"><span style=\"font-family: arial, helvetica, sans-serif; font-size: 10pt;\">MATEMATICA DE LA EDUCACION INICIAL<\/span><\/td><td>\u00a04 hs.<\/td><td><span style=\"font-size: 10pt; color: #000000; font-family: arial, helvetica, sans-serif;\">\u00a0\u00a0<\/span><\/td><\/tr><tr><td class=\"has-text-align-left\" data-align=\"left\"><span style=\"font-family: arial, helvetica, sans-serif; font-size: 10pt;\">PRACTICA DOCENTE II: PROGRAMACION DE LA ENSE\u00d1ANZA\/CURRICULUM Y ORGANIZACIONES ESCOLARES<\/span><\/td><td>\u00a06 hs.<\/td><td><span style=\"font-family: arial, helvetica, sans-serif; font-size: 10pt;\">\u00a0\u00a0<\/span><\/td><\/tr><tr><td class=\"has-text-align-left\" data-align=\"left\"><span style=\"font-family: arial, helvetica, sans-serif; font-size: 10pt;\">PRACTICAS DEL LENGUAJE EN LA EDUCACION INICIAL<\/span><\/td><td><span style=\"font-size: 10pt; color: #000000; font-family: arial, helvetica, sans-serif;\">\u00a0<\/span>4 hs.<\/td><td><span style=\"font-size: 10pt; color: #000000; font-family: arial, helvetica, sans-serif;\">\u00a0<\/span><\/td><\/tr><tr><td class=\"has-text-align-left\" data-align=\"left\"><span style=\"font-family: arial, helvetica, sans-serif; font-size: 10pt;\">PRODUCCION DE MATERIALES Y OBJETOS LUDICOS<\/span><\/td><td>&nbsp;<\/td><td><span style=\"font-family: arial, helvetica, sans-serif; font-size: 10pt;\">3 hs.&nbsp;<\/span><\/td><\/tr><tr><td class=\"has-text-align-left\" data-align=\"left\"><span style=\"font-family: arial, helvetica, sans-serif; font-size: 10pt;\">TECNOLOGIA DE LA INFORMACION Y LA COMUNICACION<\/span><\/td><td>&nbsp;<\/td><td><span style=\"font-family: arial, helvetica, sans-serif; font-size: 10pt;\">6 hs.\u00a0<\/span><\/td><\/tr><\/tbody><\/table><\/figure>\n","protected":false},"excerpt":{"rendered":"<p>&nbsp; \u00a0Resoluci\u00f3n: 1487-14 &#8211; Duraci\u00f3n: 4 A\u00f1os Primer A\u00f1o Anual \u00a0\u00a0Cuatr. DID\u00c1CTICA GENERAL \u00a04 hs. \u00a0 EL JUEGO EN LA EDUCACI\u00d3N INICIAL 3 hs. \u00a0 LECTURA Y ESCRITURA ACAD\u00c9MICA \u00a03 hs. LENGUAJE ART\u00cdSTICO: EXPRESI\u00d3N CORPORAL 3 hs. &nbsp; LENGUAJE ART\u00cdSTICO: PL\u00c1STICO VISUAL 3 hs. PEDAGOG\u00cdA 6 hs. PR\u00c1CTICA DOCENTE I: M\u00c9TODOS Y T\u00c9CNICASDE RECOLECCI\u00d3N \/ &#8230; <a title=\"Plan de estudios\" class=\"read-more\" href=\"https:\/\/ifdvirasoro-crr.infd.edu.ar\/sitio\/plan-de-estudios\/\" aria-label=\"More on Plan de estudios\">[+]<\/a><\/p>\n","protected":false},"author":561,"featured_media":0,"parent":0,"menu_order":0,"comment_status":"closed","ping_status":"closed","template":"","meta":[],"acf":[],"_links":{"self":[{"href":"https:\/\/ifdvirasoro-crr.infd.edu.ar\/sitio\/wp-json\/wp\/v2\/pages\/829"}],"collection":[{"href":"https:\/\/ifdvirasoro-crr.infd.edu.ar\/sitio\/wp-json\/wp\/v2\/pages"}],"about":[{"href":"https:\/\/ifdvirasoro-crr.infd.edu.ar\/sitio\/wp-json\/wp\/v2\/types\/page"}],"author":[{"embeddable":true,"href":"https:\/\/ifdvirasoro-crr.infd.edu.ar\/sitio\/wp-json\/wp\/v2\/users\/561"}],"replies":[{"embeddable":true,"href":"https:\/\/ifdvirasoro-crr.infd.edu.ar\/sitio\/wp-json\/wp\/v2\/comments?post=829"}],"version-history":[{"count":3,"href":"https:\/\/ifdvirasoro-crr.infd.edu.ar\/sitio\/wp-json\/wp\/v2\/pages\/829\/revisions"}],"predecessor-version":[{"id":1476,"href":"https:\/\/ifdvirasoro-crr.infd.edu.ar\/sitio\/wp-json\/wp\/v2\/pages\/829\/revisions\/1476"}],"wp:attachment":[{"href":"https:\/\/ifdvirasoro-crr.infd.edu.ar\/sitio\/wp-json\/wp\/v2\/media?parent=829"}],"curies":[{"name":"wp","href":"https:\/\/api.w.org\/{rel}","templated":true}]}}