{"id":848,"date":"2018-07-02T19:39:43","date_gmt":"2018-07-02T22:39:43","guid":{"rendered":"https:\/\/ifdvirasoro-crr.infd.edu.ar\/sitio\/capacitacion-en-lengua-inglesa\/"},"modified":"2018-08-30T14:46:00","modified_gmt":"2018-08-30T17:46:00","slug":"capacitacion-en-lengua-inglesa","status":"publish","type":"page","link":"https:\/\/ifdvirasoro-crr.infd.edu.ar\/sitio\/__trashed\/capacitacion-en-lengua-inglesa\/","title":{"rendered":"Capacitaci\u00f3n en Lengua Inglesa"},"content":{"rendered":"<h1>Capacitaci\u00f3n en Lengua Inglesa<\/h1>\n<h2>Duraci\u00f3n: 3 a\u00f1os.<\/h2>\n<h3>Con habilitaci\u00f3n para el dictado de clases cuando se posee un t\u00edtulo docente<\/h3>\n","protected":false},"excerpt":{"rendered":"<p>Capacitaci\u00f3n en Lengua Inglesa Duraci\u00f3n: 3 a\u00f1os. Con habilitaci\u00f3n para el dictado de clases cuando se posee un t\u00edtulo docente<\/p>\n","protected":false},"author":561,"featured_media":0,"parent":940,"menu_order":0,"comment_status":"closed","ping_status":"closed","template":"","meta":[],"acf":[],"_links":{"self":[{"href":"https:\/\/ifdvirasoro-crr.infd.edu.ar\/sitio\/wp-json\/wp\/v2\/pages\/848"}],"collection":[{"href":"https:\/\/ifdvirasoro-crr.infd.edu.ar\/sitio\/wp-json\/wp\/v2\/pages"}],"about":[{"href":"https:\/\/ifdvirasoro-crr.infd.edu.ar\/sitio\/wp-json\/wp\/v2\/types\/page"}],"author":[{"embeddable":true,"href":"https:\/\/ifdvirasoro-crr.infd.edu.ar\/sitio\/wp-json\/wp\/v2\/users\/561"}],"replies":[{"embeddable":true,"href":"https:\/\/ifdvirasoro-crr.infd.edu.ar\/sitio\/wp-json\/wp\/v2\/comments?post=848"}],"version-history":[{"count":1,"href":"https:\/\/ifdvirasoro-crr.infd.edu.ar\/sitio\/wp-json\/wp\/v2\/pages\/848\/revisions"}],"predecessor-version":[{"id":945,"href":"https:\/\/ifdvirasoro-crr.infd.edu.ar\/sitio\/wp-json\/wp\/v2\/pages\/848\/revisions\/945"}],"up":[{"embeddable":true,"href":"https:\/\/ifdvirasoro-crr.infd.edu.ar\/sitio\/wp-json\/wp\/v2\/pages\/940"}],"wp:attachment":[{"href":"https:\/\/ifdvirasoro-crr.infd.edu.ar\/sitio\/wp-json\/wp\/v2\/media?parent=848"}],"curies":[{"name":"wp","href":"https:\/\/api.w.org\/{rel}","templated":true}]}}