{"id":855,"date":"2018-07-02T19:39:45","date_gmt":"2018-07-02T22:39:45","guid":{"rendered":"https:\/\/ifdvirasoro-crr.infd.edu.ar\/sitio\/plan-de-estudios-2\/"},"modified":"2022-04-11T20:27:21","modified_gmt":"2022-04-11T23:27:21","slug":"plan-de-estudios-2","status":"publish","type":"page","link":"https:\/\/ifdvirasoro-crr.infd.edu.ar\/sitio\/plan-de-estudios-2\/","title":{"rendered":"Plan de estudios"},"content":{"rendered":"<p><a href=\"http:\/\/www.dgescorrientes.net\/discur2017\/DC-Fisica-2017-Res4169-16.pdf\"><strong>PROFESORADO DE EDUCACI\u00d3N SECUNDARIA EN F\u00cdSICA<\/strong><strong>\u00a0<\/strong><\/a><\/p>\n<p><strong>RESOLUCI\u00d3N:<\/strong> 4169\/2016<\/p>\n<p><strong>DURACI\u00d3N:<\/strong> 4 A\u00d1OS<\/p>\n<p><strong>CARGA HORARIA<\/strong><\/p>\n<p>Horas did\u00e1cticas: 3.936 Horas c\u00e1tedras\u00a0 \u00a0 \u00a0 \u00a0 \u00a0 \u00a0 \u00a0 \u00a0 \u00a0 \u00a0 \u00a0 \u00a0 \u00a0 \u00a0 \u00a0 \u00a0 \u00a0 \u00a0 \u00a0 \u00a0 \u00a0 \u00a0Horas reloj: 2626 Horas reloj<\/p>\n<table width=\"557\">\n<tbody>\n<tr>\n<td colspan=\"5\" width=\"557\"><strong>1\u00b0 A\u00d1O<\/strong><\/td>\n<\/tr>\n<tr>\n<td width=\"28\">\u00a0<\/td>\n<td width=\"244\"><strong>C\u00e1tedra<\/strong><\/td>\n<td width=\"120\"><strong>Cuatrimestre<\/strong><\/td>\n<td width=\"83\"><strong>Formato<\/strong><\/td>\n<td width=\"83\"><strong>Horas<\/strong><\/td>\n<\/tr>\n<tr>\n<td width=\"28\">1<\/td>\n<td width=\"244\">Pedagog\u00eda<\/td>\n<td width=\"120\">1er Cuat.<\/td>\n<td width=\"83\">Asignatura<\/td>\n<td width=\"83\">6<\/td>\n<\/tr>\n<tr>\n<td width=\"28\">2<\/td>\n<td width=\"244\">Psicolog\u00eda Educacional<\/td>\n<td width=\"120\">Anual<\/td>\n<td width=\"83\">Asignatura<\/td>\n<td width=\"83\">4<\/td>\n<\/tr>\n<tr>\n<td width=\"28\">3<\/td>\n<td width=\"244\">Did\u00e1ctica General<\/td>\n<td width=\"120\">Anual<\/td>\n<td width=\"83\">Asignatura<\/td>\n<td width=\"83\">4<\/td>\n<\/tr>\n<tr>\n<td width=\"28\">4<\/td>\n<td width=\"244\">Lectura y Escritura Acad\u00e9mica<\/td>\n<td width=\"120\">Anual<\/td>\n<td width=\"83\">Taller<\/td>\n<td width=\"83\">3<\/td>\n<\/tr>\n<tr>\n<td width=\"28\">5<\/td>\n<td width=\"244\">F\u00edsica Mec\u00e1nica<\/td>\n<td width=\"120\">Anual<\/td>\n<td width=\"83\">Asignatura<\/td>\n<td width=\"83\">5<\/td>\n<\/tr>\n<tr>\n<td width=\"28\">6<\/td>\n<td width=\"244\">Algebra y Geometr\u00eda Anal\u00edtica<\/td>\n<td width=\"120\">Anual<\/td>\n<td width=\"83\">Asignatura<\/td>\n<td width=\"83\">3<\/td>\n<\/tr>\n<tr>\n<td width=\"28\">7<\/td>\n<td width=\"244\">An\u00e1lisis Matem\u00e1tico<\/td>\n<td width=\"120\">Anual<\/td>\n<td width=\"83\">Asignatura<\/td>\n<td width=\"83\">3<\/td>\n<\/tr>\n<tr>\n<td width=\"28\">8<\/td>\n<td width=\"244\">Qu\u00edmica General<\/td>\n<td width=\"120\">Anual<\/td>\n<td width=\"83\">Asignatura<\/td>\n<td width=\"83\">3<\/td>\n<\/tr>\n<tr>\n<td width=\"28\">9<\/td>\n<td width=\"244\">Pr\u00e1ctica Docente I<\/td>\n<td width=\"120\">Anual<\/td>\n<td width=\"83\">Practicas Docentes<\/td>\n<td width=\"83\">5<\/td>\n<\/tr>\n<\/tbody>\n<\/table>\n<table width=\"557\">\n<tbody>\n<tr>\n<td colspan=\"5\" width=\"557\"><strong>2\u00ba A\u00f1o <\/strong><\/td>\n<\/tr>\n<tr>\n<td width=\"28\">\u00a0<\/td>\n<td width=\"244\"><strong>C\u00e1tedra<\/strong><\/td>\n<td width=\"120\"><strong>Cuatrimestre<\/strong><\/td>\n<td width=\"83\"><strong>Formato<\/strong><\/td>\n<td width=\"83\"><strong>Horas<\/strong><\/td>\n<\/tr>\n<tr>\n<td width=\"28\">10<\/td>\n<td width=\"244\">Filosof\u00eda de la Educaci\u00f3n<\/td>\n<td width=\"120\">1er Cuat.<\/td>\n<td width=\"83\">Asignatura<\/td>\n<td width=\"83\">4<\/td>\n<\/tr>\n<tr>\n<td width=\"28\">11<\/td>\n<td width=\"244\">Tecnolog\u00edas de la Informaci\u00f3n y la Comunicaci\u00f3n<\/td>\n<td width=\"120\">1er Cuat.<\/td>\n<td width=\"83\">Taller<\/td>\n<td width=\"83\">4<\/td>\n<\/tr>\n<tr>\n<td width=\"28\">12<\/td>\n<td width=\"244\">Sociolog\u00eda de la Educaci\u00f3n<\/td>\n<td width=\"120\">2do Cuat.<\/td>\n<td width=\"83\">Asignatura<\/td>\n<td width=\"83\">4<\/td>\n<\/tr>\n<tr>\n<td width=\"28\">13<\/td>\n<td width=\"244\">Historia Argentina y Latinoamericana<\/td>\n<td width=\"120\">2do Cuat.<\/td>\n<td width=\"83\">Asignatura<\/td>\n<td width=\"83\">4<\/td>\n<\/tr>\n<tr>\n<td width=\"28\">14<\/td>\n<td width=\"244\">Termodin\u00e1mica<\/td>\n<td width=\"120\">Anual<\/td>\n<td width=\"83\">Asignatura<\/td>\n<td width=\"83\">5<\/td>\n<\/tr>\n<tr>\n<td width=\"28\">15<\/td>\n<td width=\"244\">F\u00edsica de los Fluidos<\/td>\n<td width=\"120\">Anual<\/td>\n<td width=\"83\">Asignatura<\/td>\n<td width=\"83\">4<\/td>\n<\/tr>\n<tr>\n<td width=\"28\">16<\/td>\n<td width=\"244\">Astronom\u00eda<\/td>\n<td width=\"120\">1er Cuat.<\/td>\n<td width=\"83\">Taller<\/td>\n<td width=\"83\">3<\/td>\n<\/tr>\n<tr>\n<td width=\"28\">17<\/td>\n<td width=\"244\">Did\u00e1ctica de la F\u00edsica I<\/td>\n<td width=\"120\">Anual<\/td>\n<td width=\"83\">Asignatura<\/td>\n<td width=\"83\">4<\/td>\n<\/tr>\n<tr>\n<td width=\"28\">18<\/td>\n<td width=\"244\">Sujeto de la Educaci\u00f3n Secundaria<\/td>\n<td width=\"120\">2do Cuat.<\/td>\n<td width=\"83\">Asignatura<\/td>\n<td width=\"83\">5<\/td>\n<\/tr>\n<tr>\n<td width=\"28\">19<\/td>\n<td width=\"244\">Pr\u00e1ctica Docente II<\/td>\n<td width=\"120\">Anual<\/td>\n<td width=\"83\">Practicas Docentes<\/td>\n<td width=\"83\">7<\/td>\n<\/tr>\n<\/tbody>\n<\/table>\n<table width=\"557\">\n<tbody>\n<tr>\n<td colspan=\"5\" width=\"557\"><strong>3\u00ba A\u00f1o <\/strong><\/td>\n<\/tr>\n<tr>\n<td width=\"28\">\u00a0<\/td>\n<td width=\"244\"><strong>C\u00e1tedra<\/strong><\/td>\n<td width=\"120\"><strong>Cuatrimestre<\/strong><\/td>\n<td width=\"83\"><strong>Formato<\/strong><\/td>\n<td width=\"83\"><strong>Horas<\/strong><\/td>\n<\/tr>\n<tr>\n<td width=\"28\">20<\/td>\n<td width=\"244\">Historia y Pol\u00edtica de la Educaci\u00f3n Argentina<\/td>\n<td width=\"120\">2do Cuat.<\/td>\n<td width=\"83\">Asignatura<\/td>\n<td width=\"83\">4<\/td>\n<\/tr>\n<tr>\n<td width=\"28\">21<\/td>\n<td width=\"244\">Lengua Extranjera (Portugu\u00e9s)<\/td>\n<td width=\"120\">1er Cuat.<\/td>\n<td width=\"83\">Asignatura<\/td>\n<td width=\"83\">3<\/td>\n<\/tr>\n<tr>\n<td width=\"28\">22<\/td>\n<td width=\"244\">Didactica de la Fisica II<\/td>\n<td width=\"120\">Anual<\/td>\n<td width=\"83\">Asignatura<\/td>\n<td width=\"83\">4<\/td>\n<\/tr>\n<tr>\n<td width=\"28\">23<\/td>\n<td width=\"244\">Electricidad y Magnetismo<\/td>\n<td width=\"120\">Anual<\/td>\n<td width=\"83\">Asignatura<\/td>\n<td width=\"83\">5<\/td>\n<\/tr>\n<tr>\n<td width=\"28\">24<\/td>\n<td width=\"244\">Fen\u00f3menos Ondulatorios<\/td>\n<td width=\"120\">Anual<\/td>\n<td width=\"83\">Asignatura<\/td>\n<td width=\"83\">5<\/td>\n<\/tr>\n<tr>\n<td width=\"28\">25<\/td>\n<td width=\"244\">Ciencias de la Tierra<\/td>\n<td width=\"120\">2do Cuat.<\/td>\n<td width=\"83\">Taller<\/td>\n<td width=\"83\">3<\/td>\n<\/tr>\n<tr>\n<td width=\"28\">26<\/td>\n<td width=\"244\">Epistemolog\u00eda e Historia de la F\u00edsica<\/td>\n<td width=\"120\">Anual<\/td>\n<td width=\"83\">Asignatura<\/td>\n<td width=\"83\">3<\/td>\n<\/tr>\n<tr>\n<td width=\"28\">27<\/td>\n<td width=\"244\">Tecnolog\u00edas de la Informaci\u00f3n y la Comunicaci\u00f3n en la Ense\u00f1anza<\/td>\n<td width=\"120\">1er Cuat.<\/td>\n<td width=\"83\">Taller<\/td>\n<td width=\"83\">4<\/td>\n<\/tr>\n<tr>\n<td width=\"28\">28<\/td>\n<td width=\"244\">Propuesta o variable complementaria<\/td>\n<td width=\"120\">Anual<\/td>\n<td width=\"83\">Taller<\/td>\n<td width=\"83\">3<\/td>\n<\/tr>\n<tr>\n<td width=\"28\">29<\/td>\n<td width=\"244\">Pr\u00e1ctica Docente III<\/td>\n<td width=\"120\">Anual<\/td>\n<td width=\"83\">Practicas Docentes<\/td>\n<td width=\"83\">7<\/td>\n<\/tr>\n<\/tbody>\n<\/table>\n<table width=\"557\">\n<tbody>\n<tr>\n<td colspan=\"5\" width=\"557\">\n<p style=\"text-align: center;\"><strong>4\u00ba A\u00f1o <\/strong><\/p>\n<\/td>\n<\/tr>\n<tr>\n<td width=\"28\">\u00a0<\/td>\n<td width=\"244\"><strong>C\u00e1tedra<\/strong><\/td>\n<td width=\"120\"><strong>Cuatrimestre<\/strong><\/td>\n<td width=\"83\"><strong>Formato<\/strong><\/td>\n<td width=\"83\"><strong>Horas<\/strong><\/td>\n<\/tr>\n<tr>\n<td width=\"28\">30<\/td>\n<td width=\"244\">\u00c9tica y Ciudadan\u00eda<\/td>\n<td width=\"120\">1er Cuat.<\/td>\n<td width=\"83\">Asignatura<\/td>\n<td width=\"83\">4<\/td>\n<\/tr>\n<tr>\n<td width=\"28\">31<\/td>\n<td width=\"244\">F\u00edsica Moderna<\/td>\n<td width=\"120\">Anual<\/td>\n<td width=\"83\">Asignatura<\/td>\n<td width=\"83\">5<\/td>\n<\/tr>\n<tr>\n<td width=\"28\">32<\/td>\n<td width=\"244\">Ciencias F\u00edsicas y su influencia en la sociedad<\/td>\n<td width=\"120\">1er Cuat.<\/td>\n<td width=\"83\">Seminario<\/td>\n<td width=\"83\">3<\/td>\n<\/tr>\n<tr>\n<td width=\"28\">33<\/td>\n<td width=\"244\">Investigaci\u00f3n Did\u00e1ctica Disciplinar<\/td>\n<td width=\"120\">2do Cuat.<\/td>\n<td width=\"83\">Seminario<\/td>\n<td width=\"83\">3<\/td>\n<\/tr>\n<tr>\n<td width=\"28\">24<\/td>\n<td width=\"244\">Educaci\u00f3n Sexual Integral<\/td>\n<td width=\"120\">2do Cuat.<\/td>\n<td width=\"83\">Taller<\/td>\n<td width=\"83\">3<\/td>\n<\/tr>\n<tr>\n<td width=\"28\">35<\/td>\n<td width=\"244\">Pr\u00e1ctica Docente IV<\/td>\n<td width=\"120\">Anual<\/td>\n<td width=\"83\">Practicas Docentes<\/td>\n<td width=\"83\">12<\/td>\n<\/tr>\n<\/tbody>\n<\/table>\n\n\n<p><\/p>\n","protected":false},"excerpt":{"rendered":"<p>PROFESORADO DE EDUCACI\u00d3N SECUNDARIA EN F\u00cdSICA\u00a0 RESOLUCI\u00d3N: 4169\/2016 DURACI\u00d3N: 4 A\u00d1OS CARGA HORARIA Horas did\u00e1cticas: 3.936 Horas c\u00e1tedras\u00a0 \u00a0 \u00a0 \u00a0 \u00a0 \u00a0 \u00a0 \u00a0 \u00a0 \u00a0 \u00a0 \u00a0 \u00a0 \u00a0 \u00a0 \u00a0 \u00a0 \u00a0 \u00a0 \u00a0 \u00a0 \u00a0Horas reloj: 2626 Horas reloj 1\u00b0 A\u00d1O \u00a0 C\u00e1tedra Cuatrimestre Formato Horas 1 Pedagog\u00eda 1er Cuat. Asignatura &#8230; <a title=\"Plan de estudios\" class=\"read-more\" href=\"https:\/\/ifdvirasoro-crr.infd.edu.ar\/sitio\/plan-de-estudios-2\/\" aria-label=\"More on Plan de estudios\">[+]<\/a><\/p>\n","protected":false},"author":678,"featured_media":0,"parent":0,"menu_order":0,"comment_status":"closed","ping_status":"closed","template":"","meta":[],"acf":[],"_links":{"self":[{"href":"https:\/\/ifdvirasoro-crr.infd.edu.ar\/sitio\/wp-json\/wp\/v2\/pages\/855"}],"collection":[{"href":"https:\/\/ifdvirasoro-crr.infd.edu.ar\/sitio\/wp-json\/wp\/v2\/pages"}],"about":[{"href":"https:\/\/ifdvirasoro-crr.infd.edu.ar\/sitio\/wp-json\/wp\/v2\/types\/page"}],"author":[{"embeddable":true,"href":"https:\/\/ifdvirasoro-crr.infd.edu.ar\/sitio\/wp-json\/wp\/v2\/users\/678"}],"replies":[{"embeddable":true,"href":"https:\/\/ifdvirasoro-crr.infd.edu.ar\/sitio\/wp-json\/wp\/v2\/comments?post=855"}],"version-history":[{"count":3,"href":"https:\/\/ifdvirasoro-crr.infd.edu.ar\/sitio\/wp-json\/wp\/v2\/pages\/855\/revisions"}],"predecessor-version":[{"id":1388,"href":"https:\/\/ifdvirasoro-crr.infd.edu.ar\/sitio\/wp-json\/wp\/v2\/pages\/855\/revisions\/1388"}],"wp:attachment":[{"href":"https:\/\/ifdvirasoro-crr.infd.edu.ar\/sitio\/wp-json\/wp\/v2\/media?parent=855"}],"curies":[{"name":"wp","href":"https:\/\/api.w.org\/{rel}","templated":true}]}}