{"id":858,"date":"2018-07-10T12:44:20","date_gmt":"2018-07-10T15:44:20","guid":{"rendered":"https:\/\/ifdvirasoro-crr.infd.edu.ar\/sitio\/?page_id=858"},"modified":"2022-04-11T20:21:49","modified_gmt":"2022-04-11T23:21:49","slug":"plan-de-estudios-6","status":"publish","type":"page","link":"https:\/\/ifdvirasoro-crr.infd.edu.ar\/sitio\/plan-de-estudios-6\/","title":{"rendered":"Plan de Estudios"},"content":{"rendered":"<p><a href=\"http:\/\/www.dgescorrientes.net\/discur\/DisCurricular-Intelectual-Res-2618-2015.pdf\"><strong>PLAN DE ESTUDIO DE PROFESORADO DE EDUCACI\u00d3N ESPECIAL<\/strong><\/a><\/p>\n<p>RES. N\u00b02618\/15<\/p>\n<p><strong>DURACI\u00d3N:<\/strong> 4 A\u00d1OS<\/p>\n<p><strong>CARGA HORARIA<\/strong><\/p>\n<p>Horas did\u00e1cticas: 3984 Horas\u00a0\u00a0\u00a0\u00a0\u00a0\u00a0\u00a0\u00a0\u00a0\u00a0\u00a0\u00a0\u00a0\u00a0\u00a0\u00a0\u00a0\u00a0\u00a0\u00a0\u00a0\u00a0\u00a0\u00a0\u00a0\u00a0\u00a0\u00a0\u00a0\u00a0\u00a0\u00a0\u00a0\u00a0\u00a0\u00a0\u00a0\u00a0\u00a0\u00a0 Horas reloj:2655<\/p>\n<p><strong>1ER A\u00d1O<\/strong><\/p>\n<table width=\"584\">\n<tbody>\n<tr>\n<td width=\"331\"><strong>Espacio curricular<\/strong><\/td>\n<td width=\"168\"><strong>Cuatrimestre<\/strong><\/td>\n<td width=\"85\"><strong>Horas<\/strong><\/td>\n<\/tr>\n<tr>\n<td width=\"331\">1. Pedagog\u00eda<\/td>\n<td width=\"168\">anual<\/td>\n<td width=\"85\">4 horas<\/td>\n<\/tr>\n<tr>\n<td width=\"331\">2. Psicolog\u00eda Educacional<\/td>\n<td width=\"168\">2\u00b0 cuatrimestre<\/td>\n<td width=\"85\">5 horas<\/td>\n<\/tr>\n<tr>\n<td width=\"331\">3. Did\u00e1ctica general<\/td>\n<td width=\"168\">anual<\/td>\n<td width=\"85\">4 horas<\/td>\n<\/tr>\n<tr>\n<td width=\"331\">4. Lectura y Escritura acad\u00e9mica<\/td>\n<td width=\"168\">anual<\/td>\n<td width=\"85\">3 horas<\/td>\n<\/tr>\n<tr>\n<td width=\"331\">5. Historia Argentina y Latinoamericana<\/td>\n<td width=\"168\">cuatrimestral<\/td>\n<td width=\"85\">3 horas<\/td>\n<\/tr>\n<tr>\n<td width=\"331\">6. Sujeto de la Educaci\u00f3n Especial<\/td>\n<td width=\"168\">cuatrimestral<\/td>\n<td width=\"85\">4 horas<\/td>\n<\/tr>\n<tr>\n<td width=\"331\">7. Bases neuropsicobiol\u00f3gicas del desarrollo<\/td>\n<td width=\"168\">anual<\/td>\n<td width=\"85\">6 horas<\/td>\n<\/tr>\n<tr>\n<td width=\"331\">8. Psicolog\u00eda del desarrollo<\/td>\n<td width=\"168\">anual<\/td>\n<td width=\"85\">4 horas<\/td>\n<\/tr>\n<tr>\n<td width=\"331\">9. Pr\u00e1ctica docente I<\/td>\n<td width=\"168\">anual<\/td>\n<td width=\"85\">6 horas<\/td>\n<\/tr>\n<\/tbody>\n<\/table>\n<p><strong>2DO. A\u00d1O<\/strong><\/p>\n<table width=\"581\">\n<tbody>\n<tr>\n<td width=\"329\"><strong>Espacio curricular<\/strong><\/td>\n<td width=\"170\"><strong>Cuatrimestre<\/strong><\/td>\n<td width=\"83\"><strong>Horas<\/strong><\/td>\n<\/tr>\n<tr>\n<td width=\"329\">10. Historia y pol\u00edtica de la educaci\u00f3n Argentina<\/td>\n<td width=\"170\">1\u00b0 Cuatrimestre<\/td>\n<td width=\"83\">3 horas<\/td>\n<\/tr>\n<tr>\n<td width=\"329\">11. Sociolog\u00eda de la educaci\u00f3n<\/td>\n<td width=\"170\">1\u00b0 Cuatrimestre<\/td>\n<td width=\"83\">3 horas<\/td>\n<\/tr>\n<tr>\n<td width=\"329\">12. Matem\u00e1tica y su tratamiento did\u00e1ctico<\/td>\n<td width=\"170\">Anual<\/td>\n<td width=\"83\">4 horas<\/td>\n<\/tr>\n<tr>\n<td width=\"329\">13. Lengua y literatura y su tratamiento did\u00e1ctico<\/td>\n<td width=\"170\">Anual<\/td>\n<td width=\"83\">4 horas<\/td>\n<\/tr>\n<tr>\n<td width=\"329\">14. Educaci\u00f3n psicomotriz<\/td>\n<td width=\"170\">Anual<\/td>\n<td width=\"83\">6 horas<\/td>\n<\/tr>\n<tr>\n<td width=\"329\">15. Atenci\u00f3n temprana<\/td>\n<td width=\"170\">1\u00b0 Cuatrimestre<\/td>\n<td width=\"83\">4 horas<\/td>\n<\/tr>\n<tr>\n<td width=\"329\">16. Trastornos del desarrollo en sujetos con discapacidad intelectual<\/td>\n<td width=\"170\">1\u00b0 Cuatrimestre<\/td>\n<td width=\"83\">4 horas<\/td>\n<\/tr>\n<tr>\n<td width=\"329\">17. Alteraci\u00f3n del lenguaje en sujetos con discapacidad intelectual<\/td>\n<td width=\"170\">2\u00b0 Cuatrimestre<\/td>\n<td width=\"83\">4 horas<\/td>\n<\/tr>\n<tr>\n<td width=\"329\">18. Educaci\u00f3n sexual integral<\/td>\n<td width=\"170\">2\u00b0 Cuatrimestre<\/td>\n<td width=\"83\">5 horas<\/td>\n<\/tr>\n<tr>\n<td width=\"329\">19. Pr\u00e1ctica docente 2- Programaci\u00f3n de la ense\u00f1anza curr\u00edculum e iniciaciones escolares<\/td>\n<td width=\"170\">Anual<\/td>\n<td width=\"83\">7 horas<\/td>\n<\/tr>\n<\/tbody>\n<\/table>\n<p><strong>3ER. A\u00d1O<\/strong><\/p>\n<table width=\"581\">\n<tbody>\n<tr>\n<td width=\"329\"><strong>Espacio curricular<\/strong><\/td>\n<td width=\"170\"><strong>Cuatrimestre<\/strong><\/td>\n<td width=\"83\"><strong>Horas<\/strong><\/td>\n<\/tr>\n<tr>\n<td width=\"329\">20.Filosofia de la Educaci\u00f3n<\/td>\n<td width=\"170\">2\u00b0 cuatrimestre<\/td>\n<td width=\"83\">3 horas<\/td>\n<\/tr>\n<tr>\n<td width=\"329\">21.Tecnologia de la Informaci\u00f3n y la comunicaci\u00f3n<\/td>\n<td width=\"170\">Anual<\/td>\n<td width=\"83\">3 horas<\/td>\n<\/tr>\n<tr>\n<td width=\"329\">22. Ciencias Sociales y su tratamiento did\u00e1ctico<\/td>\n<td width=\"170\">Anual<\/td>\n<td width=\"83\">4 horas<\/td>\n<\/tr>\n<tr>\n<td width=\"329\">23. Ciencias Naturales y su tratamiento did\u00e1ctico<\/td>\n<td width=\"170\">Anual<\/td>\n<td width=\"83\">4 horas<\/td>\n<\/tr>\n<tr>\n<td width=\"329\">24. Problem\u00e1tica contempor\u00e1nea de la Educaci\u00f3n Especial<\/td>\n<td width=\"170\">1\u00b0 cuatrimestre<\/td>\n<td width=\"83\">4 horas<\/td>\n<\/tr>\n<tr>\n<td width=\"329\">25. Abordajes pedag\u00f3gicos en sujetos con discapacidad intelectual<\/td>\n<td width=\"170\">Anual<\/td>\n<td width=\"83\">4 horas<\/td>\n<\/tr>\n<tr>\n<td width=\"329\">26.Elaboracion material did\u00e1ctico adaptado.<\/td>\n<td width=\"170\">1\u00b0 cuatrimestre<\/td>\n<td width=\"83\">4 horas<\/td>\n<\/tr>\n<tr>\n<td width=\"329\">27. Alfabetizaci\u00f3n inicial<\/td>\n<td width=\"170\">Anual<\/td>\n<td width=\"83\">4 horas<\/td>\n<\/tr>\n<tr>\n<td width=\"329\">28.Pr\u00e1ctica Docente III: Coordinaci\u00f3n de grupos de aprendizajes\/ Evaluaci\u00f3n de aprendizajes<\/td>\n<td width=\"170\">Anual<\/td>\n<td width=\"83\">7 horas<\/td>\n<\/tr>\n<\/tbody>\n<\/table>\n<p><strong>4 TO. A\u00d1O<\/strong><\/p>\n<table width=\"581\">\n<tbody>\n<tr>\n<td width=\"329\"><strong>Espacio curricular<\/strong><\/td>\n<td width=\"170\"><strong>Cuatrimestre<\/strong><\/td>\n<td width=\"83\"><strong>Horas<\/strong><\/td>\n<\/tr>\n<tr>\n<td width=\"329\">29.\u00a0 \u00c9tica y Ciudadan\u00eda<\/td>\n<td width=\"170\">Cuatrimestral<\/td>\n<td width=\"83\">3 horas<\/td>\n<\/tr>\n<tr>\n<td width=\"329\">30. Tecnolog\u00eda de la Informaci\u00f3n y la comunicaci\u00f3n en la ense\u00f1anza<\/td>\n<td width=\"170\">Cuatrimestral<\/td>\n<td width=\"83\">4 horas<\/td>\n<\/tr>\n<tr>\n<td width=\"329\">31.Lenguajes art\u00edsticos en Sujetos con Discapacidad Intelectual<\/td>\n<td width=\"170\">Anual<\/td>\n<td width=\"83\">4 horas<\/td>\n<\/tr>\n<tr>\n<td width=\"329\">32.Educacion del adulto y habilitaci\u00f3n ocupacional<\/td>\n<td width=\"170\">Cuatrimestral<\/td>\n<td width=\"83\">4 horas<\/td>\n<\/tr>\n<tr>\n<td width=\"329\">33.Integracion Escolar<\/td>\n<td width=\"170\">Cuatrimestral<\/td>\n<td width=\"83\">4 horas<\/td>\n<\/tr>\n<tr>\n<td width=\"329\">34. E.D.I<\/td>\n<td width=\"170\">Cuatrimestral<\/td>\n<td width=\"83\">5 horas<\/td>\n<\/tr>\n<tr>\n<td width=\"329\">35. E.D.I<\/td>\n<td width=\"170\">Cuatrimestral<\/td>\n<td width=\"83\">5 horas<\/td>\n<\/tr>\n<tr>\n<td width=\"329\">36.Residencia pedag\u00f3gica: Sistematizaci\u00f3n de experiencias<\/td>\n<td width=\"170\">Anual<\/td>\n<td width=\"83\">12 horas<\/td>\n<\/tr>\n<\/tbody>\n<\/table>\n","protected":false},"excerpt":{"rendered":"<p>PLAN DE ESTUDIO DE PROFESORADO DE EDUCACI\u00d3N ESPECIAL RES. N\u00b02618\/15 DURACI\u00d3N: 4 A\u00d1OS CARGA HORARIA Horas did\u00e1cticas: 3984 Horas\u00a0\u00a0\u00a0\u00a0\u00a0\u00a0\u00a0\u00a0\u00a0\u00a0\u00a0\u00a0\u00a0\u00a0\u00a0\u00a0\u00a0\u00a0\u00a0\u00a0\u00a0\u00a0\u00a0\u00a0\u00a0\u00a0\u00a0\u00a0\u00a0\u00a0\u00a0\u00a0\u00a0\u00a0\u00a0\u00a0\u00a0\u00a0\u00a0\u00a0 Horas reloj:2655 1ER A\u00d1O Espacio curricular Cuatrimestre Horas 1. Pedagog\u00eda anual 4 horas 2. Psicolog\u00eda Educacional 2\u00b0 cuatrimestre 5 horas 3. Did\u00e1ctica general anual 4 horas 4. Lectura y Escritura acad\u00e9mica anual 3 horas 5. Historia &#8230; <a title=\"Plan de Estudios\" class=\"read-more\" href=\"https:\/\/ifdvirasoro-crr.infd.edu.ar\/sitio\/plan-de-estudios-6\/\" aria-label=\"More on Plan de Estudios\">[+]<\/a><\/p>\n","protected":false},"author":561,"featured_media":0,"parent":0,"menu_order":0,"comment_status":"closed","ping_status":"closed","template":"","meta":[],"acf":[],"_links":{"self":[{"href":"https:\/\/ifdvirasoro-crr.infd.edu.ar\/sitio\/wp-json\/wp\/v2\/pages\/858"}],"collection":[{"href":"https:\/\/ifdvirasoro-crr.infd.edu.ar\/sitio\/wp-json\/wp\/v2\/pages"}],"about":[{"href":"https:\/\/ifdvirasoro-crr.infd.edu.ar\/sitio\/wp-json\/wp\/v2\/types\/page"}],"author":[{"embeddable":true,"href":"https:\/\/ifdvirasoro-crr.infd.edu.ar\/sitio\/wp-json\/wp\/v2\/users\/561"}],"replies":[{"embeddable":true,"href":"https:\/\/ifdvirasoro-crr.infd.edu.ar\/sitio\/wp-json\/wp\/v2\/comments?post=858"}],"version-history":[{"count":3,"href":"https:\/\/ifdvirasoro-crr.infd.edu.ar\/sitio\/wp-json\/wp\/v2\/pages\/858\/revisions"}],"predecessor-version":[{"id":1386,"href":"https:\/\/ifdvirasoro-crr.infd.edu.ar\/sitio\/wp-json\/wp\/v2\/pages\/858\/revisions\/1386"}],"wp:attachment":[{"href":"https:\/\/ifdvirasoro-crr.infd.edu.ar\/sitio\/wp-json\/wp\/v2\/media?parent=858"}],"curies":[{"name":"wp","href":"https:\/\/api.w.org\/{rel}","templated":true}]}}