{"id":867,"date":"2018-07-02T19:39:50","date_gmt":"2018-07-02T22:39:50","guid":{"rendered":"https:\/\/ifdvirasoro-crr.infd.edu.ar\/sitio\/plan-de-estudio-res-4711-15\/"},"modified":"2022-04-11T20:19:45","modified_gmt":"2022-04-11T23:19:45","slug":"plan-de-estudio-res-4711-15","status":"publish","type":"page","link":"https:\/\/ifdvirasoro-crr.infd.edu.ar\/sitio\/plan-de-estudio-res-4711-15\/","title":{"rendered":"Plan de Estudio Res. 4711\/15"},"content":{"rendered":"<p><a href=\"http:\/\/www.dgescorrientes.net\/discur\/DisCurricular-Informatica-Res-4711-2015.pdf\" target=\"_blank\" rel=\"noopener\">DISE\u00d1O CURRICULAR RESOLUCI\u00d3N 4711\/15<\/a><\/p>\n<p><strong>RESOLUCI\u00d3N:<\/strong> 4711\/2015<\/p>\n<p><strong>DURACI\u00d3N:<\/strong> 4 A\u00d1OS<\/p>\n<p><strong>CARGA HORARIA<\/strong><\/p>\n<p>Horas did\u00e1cticas: 4.064 Horas c\u00e1tedras<\/p>\n<p>Horas reloj: 2.709 Horas reloj<\/p>\n<table>\n<tbody>\n<tr>\n<td colspan=\"5\"><strong>1ER. A\u00d1O<\/strong><\/td>\n<\/tr>\n<tr>\n<td><\/td>\n<td><strong>C\u00e1tedra<\/strong><\/td>\n<td><strong>Cuatrimestre<\/strong><\/td>\n<td><strong>Horas<\/strong><\/td>\n<td><strong>Formato<\/strong><\/td>\n<\/tr>\n<tr>\n<td>1<\/td>\n<td>PEDAGOGIA<\/td>\n<td>ANUAL<\/td>\n<td>4<\/td>\n<td>MATERIA<\/td>\n<\/tr>\n<tr>\n<td>2<\/td>\n<td>DIDACTICA GENERAL<\/td>\n<td>ANUAL<\/td>\n<td>4<\/td>\n<td>MATERIA<\/td>\n<\/tr>\n<tr>\n<td>3<\/td>\n<td>LECTURA Y ESCRITURA ACADEMICA<\/td>\n<td>ANUAL<\/td>\n<td>4<\/td>\n<td>TALLER<\/td>\n<\/tr>\n<tr>\n<td>4<\/td>\n<td>PRACTICA DOCENTE I<\/td>\n<td>ANUAL<\/td>\n<td>5<\/td>\n<td>PRACTICA<\/td>\n<\/tr>\n<tr>\n<td>5<\/td>\n<td>ALGORITMOS Y PROGRAMACION<\/td>\n<td>2do Cuat.<\/td>\n<td>5<\/td>\n<td>MATERIA<\/td>\n<\/tr>\n<tr>\n<td>6<\/td>\n<td>INFORMATICA<\/td>\n<td>ANUAL<\/td>\n<td>4<\/td>\n<td>MATERIA<\/td>\n<\/tr>\n<tr>\n<td>7<\/td>\n<td>FILOSOFIA DE LA EDUCACION<\/td>\n<td>1er Cuat.<\/td>\n<td>3<\/td>\n<td>MATERIA<\/td>\n<\/tr>\n<tr>\n<td>8<\/td>\n<td>CALCULO PARA INFORMATICA<\/td>\n<td>ANUAL<\/td>\n<td>4<\/td>\n<td>MATERIA<\/td>\n<\/tr>\n<tr>\n<td>9<\/td>\n<td>TALLER DE HERRAMIENTAS INF.<\/td>\n<td>1er Cuat.<\/td>\n<td>4<\/td>\n<td>TALLER<\/td>\n<\/tr>\n<tr>\n<td>10<\/td>\n<td>TIC<\/td>\n<td>ANUAL<\/td>\n<td>3<\/td>\n<td>TALLER<\/td>\n<\/tr>\n<\/tbody>\n<\/table>\n<table>\n<tbody>\n<tr>\n<td colspan=\"5\"><strong>2DO. A\u00d1O <\/strong><\/td>\n<\/tr>\n<tr>\n<td><\/td>\n<td><strong>C\u00e1tedra<\/strong><\/td>\n<td><strong>Cuatrimestre<\/strong><\/td>\n<td><strong>Horas<\/strong><\/td>\n<td><strong>Formato<\/strong><\/td>\n<\/tr>\n<tr>\n<td>11<\/td>\n<td>PSICOLOGIA EDUCACIONAL<\/td>\n<td>ANUAL<\/td>\n<td>3<\/td>\n<td>MATERIA<\/td>\n<\/tr>\n<tr>\n<td>12<\/td>\n<td>LOGICA INFORMATICA<\/td>\n<td>1er Cuat.<\/td>\n<td>4<\/td>\n<td>MATERIA<\/td>\n<\/tr>\n<tr>\n<td>13<\/td>\n<td>DISE\u00d1O I (DISE\u00d1O GRAFICO)<\/td>\n<td>1er Cuat.<\/td>\n<td>4<\/td>\n<td>TALLER<\/td>\n<\/tr>\n<tr>\n<td>14<\/td>\n<td>HISTORIA ARGENTINA Y LATINOAMERICANA<\/td>\n<td>2do Cuat.<\/td>\n<td>3<\/td>\n<td>MATERIA<\/td>\n<\/tr>\n<tr>\n<td>15<\/td>\n<td>PRACTICA DOCENTE II<\/td>\n<td>ANUAL<\/td>\n<td>7<\/td>\n<td>PRACTICA<\/td>\n<\/tr>\n<tr>\n<td>16<\/td>\n<td>BASE DE DATOS<\/td>\n<td>ANUAL<\/td>\n<td>4<\/td>\n<td>TALLER<\/td>\n<\/tr>\n<tr>\n<td>17<\/td>\n<td>SUJETO DE LA EDUCACION<\/td>\n<td>ANUAL<\/td>\n<td>4<\/td>\n<td>MATERIA<\/td>\n<\/tr>\n<tr>\n<td>18<\/td>\n<td>INGLES TECNICO I<\/td>\n<td>1er Cuat.<\/td>\n<td>3<\/td>\n<td>TALLER<\/td>\n<\/tr>\n<tr>\n<td>19<\/td>\n<td>DIDACTICA ESPECIFICA I<\/td>\n<td>2do Cuat.<\/td>\n<td>3<\/td>\n<td>MATERIA<\/td>\n<\/tr>\n<tr>\n<td>20<\/td>\n<td>COMPUTACION Y LA WEB<\/td>\n<td>ANUAL<\/td>\n<td>3<\/td>\n<td>TALLER<\/td>\n<\/tr>\n<\/tbody>\n<\/table>\n<table>\n<tbody>\n<tr>\n<td colspan=\"5\"><strong>3ER. A\u00d1O <\/strong><\/td>\n<\/tr>\n<tr>\n<td><\/td>\n<td><strong>C\u00e1tedra<\/strong><\/td>\n<td><strong>Cuatrimestre<\/strong><\/td>\n<td><strong>Horas<\/strong><\/td>\n<td><strong>Formato<\/strong><\/td>\n<\/tr>\n<tr>\n<td>21<\/td>\n<td>HISTORIA Y POLITICA DE LA EDUCACION ARGENTINA<\/td>\n<td>1er Cuat.<\/td>\n<td>3<\/td>\n<td>MATERIA<\/td>\n<\/tr>\n<tr>\n<td>22<\/td>\n<td>INGLES TECNICO II<\/td>\n<td>ANUAL<\/td>\n<td>3<\/td>\n<td>TALLER<\/td>\n<\/tr>\n<tr>\n<td>23<\/td>\n<td>PRACTICA DOCENTE III<\/td>\n<td>ANUAL<\/td>\n<td>9<\/td>\n<td>PRACTICA<\/td>\n<\/tr>\n<tr>\n<td>24<\/td>\n<td>INFORMATICA EDUCATIVA<\/td>\n<td>ANUAL<\/td>\n<td>4<\/td>\n<td>MAT\/TALLER<\/td>\n<\/tr>\n<tr>\n<td>25<\/td>\n<td>INTELIGENCIA ARTIFICIAL<\/td>\n<td>2do Cuat.<\/td>\n<td>4<\/td>\n<td>SEMIANRIO<\/td>\n<\/tr>\n<tr>\n<td>26<\/td>\n<td>LENGUAJES DE PROGRAMACION<\/td>\n<td>ANUAL<\/td>\n<td>4<\/td>\n<td>TALLER<\/td>\n<\/tr>\n<tr>\n<td>27<\/td>\n<td>DIDACTICA ESPECIFICA II<\/td>\n<td>ANUAL<\/td>\n<td>4<\/td>\n<td>MATERIA<\/td>\n<\/tr>\n<tr>\n<td>28<\/td>\n<td>LENGUA EXTRANJERA<\/td>\n<td>2do Cuat.<\/td>\n<td>4<\/td>\n<td>TALLER<\/td>\n<\/tr>\n<tr>\n<td>29<\/td>\n<td>REDES Y COMUNICACI\u00d3N DE DATOS<\/td>\n<td>1er Cuat.<\/td>\n<td>3<\/td>\n<td>TALLER<\/td>\n<\/tr>\n<tr>\n<td>30<\/td>\n<td>DISE\u00d1O II Y ELABORACION MATERIAL DIDACTICO ASISTIDO<\/td>\n<td>ANUAL<\/td>\n<td>4<\/td>\n<td>TALLER<\/td>\n<\/tr>\n<\/tbody>\n<\/table>\n<table>\n<tbody>\n<tr>\n<td colspan=\"5\"><strong>4TO. A\u00d1O <\/strong><\/td>\n<\/tr>\n<tr>\n<td width=\"27\"><\/td>\n<td width=\"281\"><strong>C\u00e1tedra<\/strong><\/td>\n<td width=\"131\"><strong>Cuatrimestre<\/strong><\/td>\n<td width=\"53\"><strong>Horas<\/strong><\/td>\n<td width=\"97\"><strong>Formato<\/strong><\/td>\n<\/tr>\n<tr>\n<td width=\"27\">31<\/td>\n<td width=\"281\">RESIDENCIA PEDAGOGICA<\/td>\n<td width=\"131\">ANUAL<\/td>\n<td width=\"53\">12<\/td>\n<td width=\"97\">PRACTICA<\/td>\n<\/tr>\n<tr>\n<td width=\"27\">32<\/td>\n<td width=\"281\">MODELIZACION MATEMATICA Y SIMULACION<\/td>\n<td width=\"131\">ANUAL<\/td>\n<td width=\"53\">3<\/td>\n<td width=\"97\">MATERIA<\/td>\n<\/tr>\n<tr>\n<td width=\"27\">33<\/td>\n<td width=\"281\">SISTEMAS CONTABLES INFORMATIZADOS<\/td>\n<td width=\"131\">ANUAL<\/td>\n<td width=\"53\">4<\/td>\n<td width=\"97\">MATERIA<\/td>\n<\/tr>\n<tr>\n<td width=\"27\">34<\/td>\n<td width=\"281\">RECURSOS INFORMATICOS APLICADOS<\/td>\n<td width=\"131\">ANUAL<\/td>\n<td width=\"53\">4<\/td>\n<td width=\"97\">TALLER<\/td>\n<\/tr>\n<tr>\n<td width=\"27\">35<\/td>\n<td width=\"281\">TALLER DE SOFTWARE LIBRE<\/td>\n<td width=\"131\">2do Cuat.<\/td>\n<td width=\"53\">4<\/td>\n<td width=\"97\">TALLER<\/td>\n<\/tr>\n<tr>\n<td width=\"27\">36<\/td>\n<td width=\"281\">TALLER DE EDUCACION SEXUAL INTEGRAL<\/td>\n<td width=\"131\">1er Cuat.<\/td>\n<td width=\"53\">4<\/td>\n<td width=\"97\">TALLER<\/td>\n<\/tr>\n<tr>\n<td width=\"27\">37<\/td>\n<td width=\"281\">ETICA Y CIUDADANIA<\/td>\n<td width=\"131\">1er Cuat.<\/td>\n<td width=\"53\">3<\/td>\n<td width=\"97\">TALLER<\/td>\n<\/tr>\n<\/tbody>\n<\/table>\n","protected":false},"excerpt":{"rendered":"<p>DISE\u00d1O CURRICULAR RESOLUCI\u00d3N 4711\/15 RESOLUCI\u00d3N: 4711\/2015 DURACI\u00d3N: 4 A\u00d1OS CARGA HORARIA Horas did\u00e1cticas: 4.064 Horas c\u00e1tedras Horas reloj: 2.709 Horas reloj 1ER. A\u00d1O C\u00e1tedra Cuatrimestre Horas Formato 1 PEDAGOGIA ANUAL 4 MATERIA 2 DIDACTICA GENERAL ANUAL 4 MATERIA 3 LECTURA Y ESCRITURA ACADEMICA ANUAL 4 TALLER 4 PRACTICA DOCENTE I ANUAL 5 PRACTICA 5 ALGORITMOS &#8230; <a title=\"Plan de Estudio Res. 4711\/15\" class=\"read-more\" href=\"https:\/\/ifdvirasoro-crr.infd.edu.ar\/sitio\/plan-de-estudio-res-4711-15\/\" aria-label=\"More on Plan de Estudio Res. 4711\/15\">[+]<\/a><\/p>\n","protected":false},"author":561,"featured_media":0,"parent":0,"menu_order":0,"comment_status":"closed","ping_status":"closed","template":"","meta":[],"acf":[],"_links":{"self":[{"href":"https:\/\/ifdvirasoro-crr.infd.edu.ar\/sitio\/wp-json\/wp\/v2\/pages\/867"}],"collection":[{"href":"https:\/\/ifdvirasoro-crr.infd.edu.ar\/sitio\/wp-json\/wp\/v2\/pages"}],"about":[{"href":"https:\/\/ifdvirasoro-crr.infd.edu.ar\/sitio\/wp-json\/wp\/v2\/types\/page"}],"author":[{"embeddable":true,"href":"https:\/\/ifdvirasoro-crr.infd.edu.ar\/sitio\/wp-json\/wp\/v2\/users\/561"}],"replies":[{"embeddable":true,"href":"https:\/\/ifdvirasoro-crr.infd.edu.ar\/sitio\/wp-json\/wp\/v2\/comments?post=867"}],"version-history":[{"count":1,"href":"https:\/\/ifdvirasoro-crr.infd.edu.ar\/sitio\/wp-json\/wp\/v2\/pages\/867\/revisions"}],"predecessor-version":[{"id":1385,"href":"https:\/\/ifdvirasoro-crr.infd.edu.ar\/sitio\/wp-json\/wp\/v2\/pages\/867\/revisions\/1385"}],"wp:attachment":[{"href":"https:\/\/ifdvirasoro-crr.infd.edu.ar\/sitio\/wp-json\/wp\/v2\/media?parent=867"}],"curies":[{"name":"wp","href":"https:\/\/api.w.org\/{rel}","templated":true}]}}